{"id":18,"date":"2019-09-14T13:43:15","date_gmt":"2019-09-14T13:43:15","guid":{"rendered":"http:\/\/assquavie.ch\/?page_id=18"},"modified":"2023-12-18T13:51:07","modified_gmt":"2023-12-18T13:51:07","slug":"rejoignez-nous","status":"publish","type":"page","link":"https:\/\/assquavie.ch\/?page_id=18","title":{"rendered":"Rejoignez-nous"},"content":{"rendered":"\n<ul class=\"wp-block-list\"><li>Pour que votre avis compte<\/li><li>Pour \u00eatre inform\u00e9 et agir en connaissance de cause<\/li><li>Pour plus de transparence et un d\u00e9bat d\u00e9mocratique<\/li><\/ul>\n\n\n\n<p>Inscription \u00e0 <a href=\"mailto:info@assquavie.ch\"><strong>info@assquavie.ch<\/strong><\/a><\/p>\n\n\n\n<p>Cotisation<\/p>\n\n\n\n<p>A l&rsquo;IBAN d&rsquo;AQV: CH09 8080 8004 2429 2398 7<\/p>\n\n\n\n<ul class=\"wp-block-list\"><li>50.- par soci\u00e9taire<\/li><li>70.- par couple<\/li><li>10.- pour les moins de 25 ans<\/li><\/ul>\n\n\n\n<div class=\"wp-block-image\"><figure class=\"aligncenter size-large\"><img decoding=\"async\" width=\"121\" height=\"114\" src=\"http:\/\/assquavie.ch\/wp-content\/uploads\/2023\/12\/image.png\" alt=\"\" class=\"wp-image-430\"\/><\/figure><\/div>\n\n\n\n<p class=\"has-text-align-center\"><strong>Tu veux nous soutenir gr\u00e2ce \u00e0 nos T-Shirt&#8230; ?<\/strong><\/p>\n\n\n\n<p class=\"has-text-align-center\">4 T-shirts XS Femme, 2 T-shirts M Femme et 4 T-shirts L Femme attendent avec impatience leur adoption. N&rsquo;h\u00e9site pas \u00e0 passer commande par mail! Pour 20.-, il est \u00e0 toi! <\/p>\n\n\n\n<figure class=\"wp-block-gallery columns-3 is-cropped wp-block-gallery-1 is-layout-flex wp-block-gallery-is-layout-flex\"><ul class=\"blocks-gallery-grid\"><li class=\"blocks-gallery-item\"><figure><img fetchpriority=\"high\" decoding=\"async\" width=\"768\" height=\"1024\" src=\"http:\/\/assquavie.ch\/wp-content\/uploads\/2021\/09\/IMG-20210831-WA0001-768x1024.jpg\" alt=\"\" data-id=\"196\" data-full-url=\"http:\/\/assquavie.ch\/wp-content\/uploads\/2021\/09\/IMG-20210831-WA0001.jpg\" data-link=\"http:\/\/assquavie.ch\/?attachment_id=196\" class=\"wp-image-196\" srcset=\"https:\/\/assquavie.ch\/wp-content\/uploads\/2021\/09\/IMG-20210831-WA0001-768x1024.jpg 768w, https:\/\/assquavie.ch\/wp-content\/uploads\/2021\/09\/IMG-20210831-WA0001-225x300.jpg 225w, https:\/\/assquavie.ch\/wp-content\/uploads\/2021\/09\/IMG-20210831-WA0001-1152x1536.jpg 1152w, https:\/\/assquavie.ch\/wp-content\/uploads\/2021\/09\/IMG-20210831-WA0001.jpg 1536w\" sizes=\"(max-width: 768px) 100vw, 768px\" \/><\/figure><\/li><li class=\"blocks-gallery-item\"><figure><img decoding=\"async\" width=\"1024\" height=\"768\" src=\"http:\/\/assquavie.ch\/wp-content\/uploads\/2021\/09\/IMG-20210831-WA0002-1024x768.jpg\" alt=\"\" data-id=\"198\" data-full-url=\"http:\/\/assquavie.ch\/wp-content\/uploads\/2021\/09\/IMG-20210831-WA0002.jpg\" data-link=\"http:\/\/assquavie.ch\/?attachment_id=198\" class=\"wp-image-198\" srcset=\"https:\/\/assquavie.ch\/wp-content\/uploads\/2021\/09\/IMG-20210831-WA0002-1024x768.jpg 1024w, https:\/\/assquavie.ch\/wp-content\/uploads\/2021\/09\/IMG-20210831-WA0002-300x225.jpg 300w, https:\/\/assquavie.ch\/wp-content\/uploads\/2021\/09\/IMG-20210831-WA0002-768x576.jpg 768w, https:\/\/assquavie.ch\/wp-content\/uploads\/2021\/09\/IMG-20210831-WA0002-1536x1152.jpg 1536w, https:\/\/assquavie.ch\/wp-content\/uploads\/2021\/09\/IMG-20210831-WA0002.jpg 2048w\" sizes=\"(max-width: 1024px) 100vw, 1024px\" \/><\/figure><\/li><li class=\"blocks-gallery-item\"><figure><img loading=\"lazy\" decoding=\"async\" width=\"1024\" height=\"768\" src=\"http:\/\/assquavie.ch\/wp-content\/uploads\/2021\/09\/IMG-20210831-WA0003-1024x768.jpg\" alt=\"\" data-id=\"199\" data-full-url=\"http:\/\/assquavie.ch\/wp-content\/uploads\/2021\/09\/IMG-20210831-WA0003.jpg\" data-link=\"http:\/\/assquavie.ch\/?attachment_id=199\" class=\"wp-image-199\" srcset=\"https:\/\/assquavie.ch\/wp-content\/uploads\/2021\/09\/IMG-20210831-WA0003-1024x768.jpg 1024w, https:\/\/assquavie.ch\/wp-content\/uploads\/2021\/09\/IMG-20210831-WA0003-300x225.jpg 300w, https:\/\/assquavie.ch\/wp-content\/uploads\/2021\/09\/IMG-20210831-WA0003-768x576.jpg 768w, https:\/\/assquavie.ch\/wp-content\/uploads\/2021\/09\/IMG-20210831-WA0003-1536x1152.jpg 1536w, https:\/\/assquavie.ch\/wp-content\/uploads\/2021\/09\/IMG-20210831-WA0003.jpg 2048w\" sizes=\"(max-width: 1024px) 100vw, 1024px\" \/><\/figure><\/li><\/ul><\/figure>\n","protected":false},"excerpt":{"rendered":"<p>Pour que votre avis compte Pour \u00eatre inform\u00e9 et agir en connaissance de cause Pour plus de transparence et un d\u00e9bat d\u00e9mocratique Inscription \u00e0 info@assquavie.ch Cotisation A l&rsquo;IBAN d&rsquo;AQV: CH09 8080 8004 2429 2398 7<a class=\"excerpt-readmore\" href=\"https:\/\/assquavie.ch\/?page_id=18\">&hellip;Continue Reading<\/a><\/p>\n","protected":false},"author":1,"featured_media":0,"parent":0,"menu_order":7,"comment_status":"closed","ping_status":"closed","template":"","meta":{"footnotes":""},"class_list":["post-18","page","type-page","status-publish","hentry","odd"],"yoast_head":"<!-- This site is optimized with the Yoast SEO plugin v25.5 - https:\/\/yoast.com\/wordpress\/plugins\/seo\/ -->\n<title>Rejoignez-nous - ASSQUAVIE<\/title>\n<meta name=\"robots\" content=\"index, follow, max-snippet:-1, max-image-preview:large, max-video-preview:-1\" \/>\n<link rel=\"canonical\" href=\"http:\/\/assquavie.ch\/?page_id=18\" \/>\n<meta property=\"og:locale\" content=\"fr_FR\" \/>\n<meta property=\"og:type\" content=\"article\" \/>\n<meta property=\"og:title\" content=\"Rejoignez-nous - ASSQUAVIE\" \/>\n<meta property=\"og:description\" content=\"Pour que votre avis compte Pour \u00eatre inform\u00e9 et agir en connaissance de cause Pour plus de transparence et un d\u00e9bat d\u00e9mocratique Inscription \u00e0 info@assquavie.ch Cotisation A l&rsquo;IBAN d&rsquo;AQV: CH09 8080 8004 2429 2398 7&hellip;Continue Reading\" \/>\n<meta property=\"og:url\" content=\"http:\/\/assquavie.ch\/?page_id=18\" \/>\n<meta property=\"og:site_name\" content=\"ASSQUAVIE\" \/>\n<meta property=\"article:modified_time\" content=\"2023-12-18T13:51:07+00:00\" \/>\n<meta property=\"og:image\" content=\"http:\/\/assquavie.ch\/wp-content\/uploads\/2023\/12\/image.png\" \/>\n<meta name=\"twitter:card\" content=\"summary_large_image\" \/>\n<script type=\"application\/ld+json\" class=\"yoast-schema-graph\">{\"@context\":\"https:\/\/schema.org\",\"@graph\":[{\"@type\":\"WebPage\",\"@id\":\"http:\/\/assquavie.ch\/?page_id=18\",\"url\":\"http:\/\/assquavie.ch\/?page_id=18\",\"name\":\"Rejoignez-nous - ASSQUAVIE\",\"isPartOf\":{\"@id\":\"https:\/\/assquavie.ch\/#website\"},\"primaryImageOfPage\":{\"@id\":\"http:\/\/assquavie.ch\/?page_id=18#primaryimage\"},\"image\":{\"@id\":\"http:\/\/assquavie.ch\/?page_id=18#primaryimage\"},\"thumbnailUrl\":\"http:\/\/assquavie.ch\/wp-content\/uploads\/2023\/12\/image.png\",\"datePublished\":\"2019-09-14T13:43:15+00:00\",\"dateModified\":\"2023-12-18T13:51:07+00:00\",\"breadcrumb\":{\"@id\":\"http:\/\/assquavie.ch\/?page_id=18#breadcrumb\"},\"inLanguage\":\"fr-FR\",\"potentialAction\":[{\"@type\":\"ReadAction\",\"target\":[\"http:\/\/assquavie.ch\/?page_id=18\"]}]},{\"@type\":\"ImageObject\",\"inLanguage\":\"fr-FR\",\"@id\":\"http:\/\/assquavie.ch\/?page_id=18#primaryimage\",\"url\":\"https:\/\/assquavie.ch\/wp-content\/uploads\/2023\/12\/image.png\",\"contentUrl\":\"https:\/\/assquavie.ch\/wp-content\/uploads\/2023\/12\/image.png\",\"width\":121,\"height\":114},{\"@type\":\"BreadcrumbList\",\"@id\":\"http:\/\/assquavie.ch\/?page_id=18#breadcrumb\",\"itemListElement\":[{\"@type\":\"ListItem\",\"position\":1,\"name\":\"Accueil\",\"item\":\"https:\/\/assquavie.ch\/\"},{\"@type\":\"ListItem\",\"position\":2,\"name\":\"Rejoignez-nous\"}]},{\"@type\":\"WebSite\",\"@id\":\"https:\/\/assquavie.ch\/#website\",\"url\":\"https:\/\/assquavie.ch\/\",\"name\":\"ASSQUAVIE\",\"description\":\"Pr\u00e9server notre qualit\u00e9 de vie\",\"publisher\":{\"@id\":\"https:\/\/assquavie.ch\/#organization\"},\"potentialAction\":[{\"@type\":\"SearchAction\",\"target\":{\"@type\":\"EntryPoint\",\"urlTemplate\":\"https:\/\/assquavie.ch\/?s={search_term_string}\"},\"query-input\":{\"@type\":\"PropertyValueSpecification\",\"valueRequired\":true,\"valueName\":\"search_term_string\"}}],\"inLanguage\":\"fr-FR\"},{\"@type\":\"Organization\",\"@id\":\"https:\/\/assquavie.ch\/#organization\",\"name\":\"ASSQUAVIE\",\"url\":\"https:\/\/assquavie.ch\/\",\"logo\":{\"@type\":\"ImageObject\",\"inLanguage\":\"fr-FR\",\"@id\":\"https:\/\/assquavie.ch\/#\/schema\/logo\/image\/\",\"url\":\"http:\/\/assquavie.ch\/wp-content\/uploads\/2019\/09\/AQV_CMYK-e1568467097218.png\",\"contentUrl\":\"http:\/\/assquavie.ch\/wp-content\/uploads\/2019\/09\/AQV_CMYK-e1568467097218.png\",\"width\":250,\"height\":233,\"caption\":\"ASSQUAVIE\"},\"image\":{\"@id\":\"https:\/\/assquavie.ch\/#\/schema\/logo\/image\/\"}}]}<\/script>\n<!-- \/ Yoast SEO plugin. -->","yoast_head_json":{"title":"Rejoignez-nous - ASSQUAVIE","robots":{"index":"index","follow":"follow","max-snippet":"max-snippet:-1","max-image-preview":"max-image-preview:large","max-video-preview":"max-video-preview:-1"},"canonical":"http:\/\/assquavie.ch\/?page_id=18","og_locale":"fr_FR","og_type":"article","og_title":"Rejoignez-nous - ASSQUAVIE","og_description":"Pour que votre avis compte Pour \u00eatre inform\u00e9 et agir en connaissance de cause Pour plus de transparence et un d\u00e9bat d\u00e9mocratique Inscription \u00e0 info@assquavie.ch Cotisation A l&rsquo;IBAN d&rsquo;AQV: CH09 8080 8004 2429 2398 7&hellip;Continue Reading","og_url":"http:\/\/assquavie.ch\/?page_id=18","og_site_name":"ASSQUAVIE","article_modified_time":"2023-12-18T13:51:07+00:00","og_image":[{"url":"http:\/\/assquavie.ch\/wp-content\/uploads\/2023\/12\/image.png","type":"","width":"","height":""}],"twitter_card":"summary_large_image","schema":{"@context":"https:\/\/schema.org","@graph":[{"@type":"WebPage","@id":"http:\/\/assquavie.ch\/?page_id=18","url":"http:\/\/assquavie.ch\/?page_id=18","name":"Rejoignez-nous - ASSQUAVIE","isPartOf":{"@id":"https:\/\/assquavie.ch\/#website"},"primaryImageOfPage":{"@id":"http:\/\/assquavie.ch\/?page_id=18#primaryimage"},"image":{"@id":"http:\/\/assquavie.ch\/?page_id=18#primaryimage"},"thumbnailUrl":"http:\/\/assquavie.ch\/wp-content\/uploads\/2023\/12\/image.png","datePublished":"2019-09-14T13:43:15+00:00","dateModified":"2023-12-18T13:51:07+00:00","breadcrumb":{"@id":"http:\/\/assquavie.ch\/?page_id=18#breadcrumb"},"inLanguage":"fr-FR","potentialAction":[{"@type":"ReadAction","target":["http:\/\/assquavie.ch\/?page_id=18"]}]},{"@type":"ImageObject","inLanguage":"fr-FR","@id":"http:\/\/assquavie.ch\/?page_id=18#primaryimage","url":"https:\/\/assquavie.ch\/wp-content\/uploads\/2023\/12\/image.png","contentUrl":"https:\/\/assquavie.ch\/wp-content\/uploads\/2023\/12\/image.png","width":121,"height":114},{"@type":"BreadcrumbList","@id":"http:\/\/assquavie.ch\/?page_id=18#breadcrumb","itemListElement":[{"@type":"ListItem","position":1,"name":"Accueil","item":"https:\/\/assquavie.ch\/"},{"@type":"ListItem","position":2,"name":"Rejoignez-nous"}]},{"@type":"WebSite","@id":"https:\/\/assquavie.ch\/#website","url":"https:\/\/assquavie.ch\/","name":"ASSQUAVIE","description":"Pr\u00e9server notre qualit\u00e9 de vie","publisher":{"@id":"https:\/\/assquavie.ch\/#organization"},"potentialAction":[{"@type":"SearchAction","target":{"@type":"EntryPoint","urlTemplate":"https:\/\/assquavie.ch\/?s={search_term_string}"},"query-input":{"@type":"PropertyValueSpecification","valueRequired":true,"valueName":"search_term_string"}}],"inLanguage":"fr-FR"},{"@type":"Organization","@id":"https:\/\/assquavie.ch\/#organization","name":"ASSQUAVIE","url":"https:\/\/assquavie.ch\/","logo":{"@type":"ImageObject","inLanguage":"fr-FR","@id":"https:\/\/assquavie.ch\/#\/schema\/logo\/image\/","url":"http:\/\/assquavie.ch\/wp-content\/uploads\/2019\/09\/AQV_CMYK-e1568467097218.png","contentUrl":"http:\/\/assquavie.ch\/wp-content\/uploads\/2019\/09\/AQV_CMYK-e1568467097218.png","width":250,"height":233,"caption":"ASSQUAVIE"},"image":{"@id":"https:\/\/assquavie.ch\/#\/schema\/logo\/image\/"}}]}},"_links":{"self":[{"href":"https:\/\/assquavie.ch\/index.php?rest_route=\/wp\/v2\/pages\/18","targetHints":{"allow":["GET"]}}],"collection":[{"href":"https:\/\/assquavie.ch\/index.php?rest_route=\/wp\/v2\/pages"}],"about":[{"href":"https:\/\/assquavie.ch\/index.php?rest_route=\/wp\/v2\/types\/page"}],"author":[{"embeddable":true,"href":"https:\/\/assquavie.ch\/index.php?rest_route=\/wp\/v2\/users\/1"}],"replies":[{"embeddable":true,"href":"https:\/\/assquavie.ch\/index.php?rest_route=%2Fwp%2Fv2%2Fcomments&post=18"}],"version-history":[{"count":6,"href":"https:\/\/assquavie.ch\/index.php?rest_route=\/wp\/v2\/pages\/18\/revisions"}],"predecessor-version":[{"id":431,"href":"https:\/\/assquavie.ch\/index.php?rest_route=\/wp\/v2\/pages\/18\/revisions\/431"}],"wp:attachment":[{"href":"https:\/\/assquavie.ch\/index.php?rest_route=%2Fwp%2Fv2%2Fmedia&parent=18"}],"curies":[{"name":"wp","href":"https:\/\/api.w.org\/{rel}","templated":true}]}}