{"id":2,"date":"2019-09-14T12:16:40","date_gmt":"2019-09-14T12:16:40","guid":{"rendered":"http:\/\/assquavie.ch\/?page_id=2"},"modified":"2025-10-28T18:50:16","modified_gmt":"2025-10-28T18:50:16","slug":"sample-page","status":"publish","type":"page","link":"https:\/\/assquavie.ch\/","title":{"rendered":"Motion populaire 200 m"},"content":{"rendered":"\t\t<div data-elementor-type=\"wp-page\" data-elementor-id=\"2\" class=\"elementor elementor-2\">\n\t\t\t\t\t\t<section class=\"elementor-section elementor-top-section elementor-element elementor-element-53e4d2f elementor-section-full_width elementor-section-height-default elementor-section-height-default\" data-id=\"53e4d2f\" data-element_type=\"section\">\n\t\t\t\t\t\t<div class=\"elementor-container elementor-column-gap-default\">\n\t\t\t\t\t<div class=\"elementor-column elementor-col-100 elementor-top-column elementor-element elementor-element-ed0fa1a\" data-id=\"ed0fa1a\" data-element_type=\"column\">\n\t\t\t<div class=\"elementor-widget-wrap elementor-element-populated\">\n\t\t\t\t\t\t<div class=\"elementor-element elementor-element-1237dfb elementor-widget elementor-widget-text-editor\" data-id=\"1237dfb\" data-element_type=\"widget\" data-widget_type=\"text-editor.default\">\n\t\t\t\t<div class=\"elementor-widget-container\">\n\t\t\t\t\t\t\t<h5><strong>Motion populaire pour une distance minimale de 200 m entre les gravi\u00e8res et les zones \u00e0 b\u00e2tir <\/strong><\/h5>\t\t\t\t\t\t<\/div>\n\t\t\t\t<\/div>\n\t\t\t\t\t<\/div>\n\t\t<\/div>\n\t\t\t\t\t<\/div>\n\t\t<\/section>\n\t\t\t\t<section class=\"elementor-section elementor-top-section elementor-element elementor-element-8cc4569 elementor-section-full_width elementor-section-height-default elementor-section-height-default\" data-id=\"8cc4569\" data-element_type=\"section\">\n\t\t\t\t\t\t<div class=\"elementor-container elementor-column-gap-default\">\n\t\t\t\t\t<div class=\"elementor-column elementor-col-33 elementor-top-column elementor-element elementor-element-2075222\" data-id=\"2075222\" data-element_type=\"column\">\n\t\t\t<div class=\"elementor-widget-wrap elementor-element-populated\">\n\t\t\t\t\t\t<div class=\"elementor-element elementor-element-c854b90 elementor-widget elementor-widget-text-editor\" data-id=\"c854b90\" data-element_type=\"widget\" data-widget_type=\"text-editor.default\">\n\t\t\t\t<div class=\"elementor-widget-container\">\n\t\t\t\t\t\t\t<p>Le canton de Fribourg doit concilier exploitation des gravi\u00e8res et protection de l\u2019eau potable ainsi que de la sant\u00e9 publique.<br data-start=\"1295\" data-end=\"1298\" \/>Le Plan sectoriel d\u2019exploitation des mat\u00e9riaux (PSEM) propos\u00e9 en 2024 manque de clart\u00e9 et ne garantit pas de protection suffisante.<br data-start=\"1429\" data-end=\"1432\" \/>Fixer une distance minimale de 200 m entre zones \u00e0 b\u00e2tir et gravi\u00e8res, inscrite dans la LATeC, apporte une meilleure s\u00e9curit\u00e9 juridique et prot\u00e8ge les riverains des nuisances.<\/p>\t\t\t\t\t\t<\/div>\n\t\t\t\t<\/div>\n\t\t\t\t<div class=\"elementor-element elementor-element-74c0f94 elementor-align-justify elementor-widget__width-initial e-transform elementor-widget elementor-widget-button\" data-id=\"74c0f94\" data-element_type=\"widget\" data-settings=\"{&quot;_transform_translateX_effect&quot;:{&quot;unit&quot;:&quot;px&quot;,&quot;size&quot;:&quot;&quot;,&quot;sizes&quot;:[]},&quot;_transform_translateX_effect_tablet&quot;:{&quot;unit&quot;:&quot;px&quot;,&quot;size&quot;:&quot;&quot;,&quot;sizes&quot;:[]},&quot;_transform_translateX_effect_mobile&quot;:{&quot;unit&quot;:&quot;px&quot;,&quot;size&quot;:&quot;&quot;,&quot;sizes&quot;:[]},&quot;_transform_translateY_effect&quot;:{&quot;unit&quot;:&quot;px&quot;,&quot;size&quot;:&quot;&quot;,&quot;sizes&quot;:[]},&quot;_transform_translateY_effect_tablet&quot;:{&quot;unit&quot;:&quot;px&quot;,&quot;size&quot;:&quot;&quot;,&quot;sizes&quot;:[]},&quot;_transform_translateY_effect_mobile&quot;:{&quot;unit&quot;:&quot;px&quot;,&quot;size&quot;:&quot;&quot;,&quot;sizes&quot;:[]}}\" data-widget_type=\"button.default\">\n\t\t\t\t<div class=\"elementor-widget-container\">\n\t\t\t\t\t<div class=\"elementor-button-wrapper\">\n\t\t\t<a class=\"elementor-button elementor-button-link elementor-size-sm\" href=\"https:\/\/assquavie.ch\/wp-content\/uploads\/2025\/09\/PSEM-durable-Motion-populaire-200m-170925.pdf\" target=\"_blank\" download=\"\">\n\t\t\t\t\t\t<span class=\"elementor-button-content-wrapper\">\n\t\t\t\t\t\t\t\t\t<span class=\"elementor-button-text\">Motion populaire 200 m \u2013 Formulaire & texte (FR)<\/span>\n\t\t\t\t\t<\/span>\n\t\t\t\t\t<\/a>\n\t\t<\/div>\n\t\t\t\t<\/div>\n\t\t\t\t<\/div>\n\t\t\t\t<div class=\"elementor-element elementor-element-307e506 elementor-align-justify elementor-widget__width-initial e-transform elementor-widget elementor-widget-button\" data-id=\"307e506\" data-element_type=\"widget\" data-settings=\"{&quot;_transform_translateX_effect&quot;:{&quot;unit&quot;:&quot;px&quot;,&quot;size&quot;:&quot;&quot;,&quot;sizes&quot;:[]},&quot;_transform_translateX_effect_tablet&quot;:{&quot;unit&quot;:&quot;px&quot;,&quot;size&quot;:&quot;&quot;,&quot;sizes&quot;:[]},&quot;_transform_translateX_effect_mobile&quot;:{&quot;unit&quot;:&quot;px&quot;,&quot;size&quot;:&quot;&quot;,&quot;sizes&quot;:[]},&quot;_transform_translateY_effect&quot;:{&quot;unit&quot;:&quot;px&quot;,&quot;size&quot;:&quot;&quot;,&quot;sizes&quot;:[]},&quot;_transform_translateY_effect_tablet&quot;:{&quot;unit&quot;:&quot;px&quot;,&quot;size&quot;:&quot;&quot;,&quot;sizes&quot;:[]},&quot;_transform_translateY_effect_mobile&quot;:{&quot;unit&quot;:&quot;px&quot;,&quot;size&quot;:&quot;&quot;,&quot;sizes&quot;:[]}}\" data-widget_type=\"button.default\">\n\t\t\t\t<div class=\"elementor-widget-container\">\n\t\t\t\t\t<div class=\"elementor-button-wrapper\">\n\t\t\t<a class=\"elementor-button elementor-button-link elementor-size-sm\" href=\"https:\/\/assquavie.ch\/wp-content\/uploads\/2025\/09\/Nachhaltiger-SaM-Volksmotion-200M-170925.pdf\" target=\"_blank\" download=\"\">\n\t\t\t\t\t\t<span class=\"elementor-button-content-wrapper\">\n\t\t\t\t\t\t\t\t\t<span class=\"elementor-button-text\">Volksmotion 200 m \u2013 Formular & Text (DE)<\/span>\n\t\t\t\t\t<\/span>\n\t\t\t\t\t<\/a>\n\t\t<\/div>\n\t\t\t\t<\/div>\n\t\t\t\t<\/div>\n\t\t\t\t<div class=\"elementor-element elementor-element-9491c5a elementor-widget elementor-widget-spacer\" data-id=\"9491c5a\" data-element_type=\"widget\" data-widget_type=\"spacer.default\">\n\t\t\t\t<div class=\"elementor-widget-container\">\n\t\t\t\t\t<div class=\"elementor-spacer\">\n\t\t\t<div class=\"elementor-spacer-inner\"><\/div>\n\t\t<\/div>\n\t\t\t\t<\/div>\n\t\t\t\t<\/div>\n\t\t\t\t<div class=\"elementor-element elementor-element-06a26da elementor-widget elementor-widget-text-editor\" data-id=\"06a26da\" data-element_type=\"widget\" data-widget_type=\"text-editor.default\">\n\t\t\t\t<div class=\"elementor-widget-container\">\n\t\t\t\t\t\t\t<p>Instructions<strong> pour la motion populaire :<\/strong><\/p><p>1. T\u00e9l\u00e9chargez et imprimez le formulaire.\u00a0<br \/>2. <strong>Un formulaire par commune<\/strong> : chaque citoyen domicili\u00e9 dans la commune du formulaire et disposant du droit de vote peut remplir et signer \u00e0 la main.<br \/>3. Envoyez les originaux \u00e0 l\u2019adresse mentionn\u00e9e au bas du formulaire.<\/p><p>D\u00e9lai : 30 novembre 2025<\/p>\t\t\t\t\t\t<\/div>\n\t\t\t\t<\/div>\n\t\t\t\t\t<\/div>\n\t\t<\/div>\n\t\t\t\t<div class=\"elementor-column elementor-col-33 elementor-top-column elementor-element elementor-element-caa07ba\" data-id=\"caa07ba\" data-element_type=\"column\">\n\t\t\t<div class=\"elementor-widget-wrap\">\n\t\t\t\t\t\t\t<\/div>\n\t\t<\/div>\n\t\t\t\t<div class=\"elementor-column elementor-col-33 elementor-top-column elementor-element elementor-element-8aa9fc4\" data-id=\"8aa9fc4\" data-element_type=\"column\">\n\t\t\t<div class=\"elementor-widget-wrap elementor-element-populated\">\n\t\t\t\t\t\t<div class=\"elementor-element elementor-element-06bc160 elementor-widget elementor-widget-text-editor\" data-id=\"06bc160\" data-element_type=\"widget\" data-widget_type=\"text-editor.default\">\n\t\t\t\t<div class=\"elementor-widget-container\">\n\t\t\t\t\t\t\t<p><strong>Conf\u00e9rence de presse<\/strong><\/p>\n<p>17 septembre 2025 <br \/>Salle Fribourg, Croix-Blanche, Posieux<\/p>\t\t\t\t\t\t<\/div>\n\t\t\t\t<\/div>\n\t\t\t\t<div class=\"elementor-element elementor-element-9825996 elementor-align-justify elementor-widget__width-initial e-transform elementor-widget elementor-widget-button\" data-id=\"9825996\" data-element_type=\"widget\" data-settings=\"{&quot;_transform_translateX_effect&quot;:{&quot;unit&quot;:&quot;px&quot;,&quot;size&quot;:&quot;&quot;,&quot;sizes&quot;:[]},&quot;_transform_translateX_effect_tablet&quot;:{&quot;unit&quot;:&quot;px&quot;,&quot;size&quot;:&quot;&quot;,&quot;sizes&quot;:[]},&quot;_transform_translateX_effect_mobile&quot;:{&quot;unit&quot;:&quot;px&quot;,&quot;size&quot;:&quot;&quot;,&quot;sizes&quot;:[]},&quot;_transform_translateY_effect&quot;:{&quot;unit&quot;:&quot;px&quot;,&quot;size&quot;:&quot;&quot;,&quot;sizes&quot;:[]},&quot;_transform_translateY_effect_tablet&quot;:{&quot;unit&quot;:&quot;px&quot;,&quot;size&quot;:&quot;&quot;,&quot;sizes&quot;:[]},&quot;_transform_translateY_effect_mobile&quot;:{&quot;unit&quot;:&quot;px&quot;,&quot;size&quot;:&quot;&quot;,&quot;sizes&quot;:[]}}\" data-widget_type=\"button.default\">\n\t\t\t\t<div class=\"elementor-widget-container\">\n\t\t\t\t\t<div class=\"elementor-button-wrapper\">\n\t\t\t<a class=\"elementor-button elementor-button-link elementor-size-sm\" href=\"https:\/\/assquavie.ch\/wp-content\/uploads\/2025\/09\/Communique-de-presse-motion-populaire-200m-170925.pdf\" target=\"_blank\" download=\"\">\n\t\t\t\t\t\t<span class=\"elementor-button-content-wrapper\">\n\t\t\t\t\t\t\t\t\t<span class=\"elementor-button-text\">T\u00e9l\u00e9chargez le communiqu\u00e9 de presse (FR)<\/span>\n\t\t\t\t\t<\/span>\n\t\t\t\t\t<\/a>\n\t\t<\/div>\n\t\t\t\t<\/div>\n\t\t\t\t<\/div>\n\t\t\t\t<div class=\"elementor-element elementor-element-7946ab2 elementor-align-justify elementor-widget__width-initial e-transform elementor-widget elementor-widget-button\" data-id=\"7946ab2\" data-element_type=\"widget\" data-settings=\"{&quot;_transform_translateX_effect&quot;:{&quot;unit&quot;:&quot;px&quot;,&quot;size&quot;:&quot;&quot;,&quot;sizes&quot;:[]},&quot;_transform_translateX_effect_tablet&quot;:{&quot;unit&quot;:&quot;px&quot;,&quot;size&quot;:&quot;&quot;,&quot;sizes&quot;:[]},&quot;_transform_translateX_effect_mobile&quot;:{&quot;unit&quot;:&quot;px&quot;,&quot;size&quot;:&quot;&quot;,&quot;sizes&quot;:[]},&quot;_transform_translateY_effect&quot;:{&quot;unit&quot;:&quot;px&quot;,&quot;size&quot;:&quot;&quot;,&quot;sizes&quot;:[]},&quot;_transform_translateY_effect_tablet&quot;:{&quot;unit&quot;:&quot;px&quot;,&quot;size&quot;:&quot;&quot;,&quot;sizes&quot;:[]},&quot;_transform_translateY_effect_mobile&quot;:{&quot;unit&quot;:&quot;px&quot;,&quot;size&quot;:&quot;&quot;,&quot;sizes&quot;:[]}}\" data-widget_type=\"button.default\">\n\t\t\t\t<div class=\"elementor-widget-container\">\n\t\t\t\t\t<div class=\"elementor-button-wrapper\">\n\t\t\t<a class=\"elementor-button elementor-button-link elementor-size-sm\" href=\"https:\/\/assquavie.ch\/wp-content\/uploads\/2025\/09\/MM-SaM_Volksmotion_170925.pdf\" target=\"_blank\" download=\"\">\n\t\t\t\t\t\t<span class=\"elementor-button-content-wrapper\">\n\t\t\t\t\t\t\t\t\t<span class=\"elementor-button-text\">Pressemitteilung herunterladen (DE)<\/span>\n\t\t\t\t\t<\/span>\n\t\t\t\t\t<\/a>\n\t\t<\/div>\n\t\t\t\t<\/div>\n\t\t\t\t<\/div>\n\t\t\t\t<div class=\"elementor-element elementor-element-a25b644 elementor-widget elementor-widget-spacer\" data-id=\"a25b644\" data-element_type=\"widget\" data-widget_type=\"spacer.default\">\n\t\t\t\t<div class=\"elementor-widget-container\">\n\t\t\t\t\t<div class=\"elementor-spacer\">\n\t\t\t<div class=\"elementor-spacer-inner\"><\/div>\n\t\t<\/div>\n\t\t\t\t<\/div>\n\t\t\t\t<\/div>\n\t\t\t\t<div class=\"elementor-element elementor-element-c15e76e elementor-widget elementor-widget-text-editor\" data-id=\"c15e76e\" data-element_type=\"widget\" data-widget_type=\"text-editor.default\">\n\t\t\t\t<div class=\"elementor-widget-container\">\n\t\t\t\t\t\t\t<p><strong>La presse en parle :<\/strong><\/p><p><strong>La libert\u00e9<\/strong> : <a href=\"https:\/\/www.laliberte.ch\/articles\/regions\/canton\/nouveau-jet-de-graviers-contre-l-etat-1200582\" target=\"_blank\" rel=\"noopener\">Une motion populaire demande des corrections<\/a><\/p><p><strong>Frapp<\/strong> : <a href=\"https:\/\/frapp.ch\/fr\/articles\/stories\/gravieres-des-citoyens-exigent-au-minimum-200m-de-distance\" target=\"_blank\" rel=\"noopener\">Des citoyens exigent au minimum 200m de distance<\/a><\/p><p><strong>Freiburger Nachrichten<\/strong> : <a href=\"https:\/\/freiburger-nachrichten.ch\/story\/236490\/b%C3%BCrgergruppe-kritisiert-vorgehen-des-kantons-bei-der-vernehmlassung-zur-kiesgrubenplanung\" target=\"_blank\" rel=\"noopener\">B\u00fcrgergruppe kritisiert Vorgehen des Kantons bei der Vernehmlassung zur Kiesgruben-Planung<\/a><\/p>\t\t\t\t\t\t<\/div>\n\t\t\t\t<\/div>\n\t\t\t\t\t<\/div>\n\t\t<\/div>\n\t\t\t\t\t<\/div>\n\t\t<\/section>\n\t\t\t\t<section class=\"elementor-section elementor-top-section elementor-element elementor-element-c84fb4a elementor-section-full_width elementor-section-height-default elementor-section-height-default\" data-id=\"c84fb4a\" data-element_type=\"section\">\n\t\t\t\t\t\t<div class=\"elementor-container elementor-column-gap-default\">\n\t\t\t\t\t<div class=\"elementor-column elementor-col-100 elementor-top-column elementor-element elementor-element-710ecb8\" data-id=\"710ecb8\" data-element_type=\"column\">\n\t\t\t<div class=\"elementor-widget-wrap elementor-element-populated\">\n\t\t\t\t\t\t<div class=\"elementor-element elementor-element-717001b elementor-widget__width-initial elementor-widget-tablet__width-initial elementor-widget-divider--view-line elementor-widget elementor-widget-divider\" data-id=\"717001b\" data-element_type=\"widget\" data-widget_type=\"divider.default\">\n\t\t\t\t<div class=\"elementor-widget-container\">\n\t\t\t\t\t<div class=\"elementor-divider\">\n\t\t\t<span class=\"elementor-divider-separator\">\n\t\t\t\t\t\t<\/span>\n\t\t<\/div>\n\t\t\t\t<\/div>\n\t\t\t\t<\/div>\n\t\t\t\t\t<\/div>\n\t\t<\/div>\n\t\t\t\t\t<\/div>\n\t\t<\/section>\n\t\t\t\t<section class=\"elementor-section elementor-top-section elementor-element elementor-element-4230d7e elementor-section-full_width elementor-section-height-default elementor-section-height-default\" data-id=\"4230d7e\" data-element_type=\"section\">\n\t\t\t\t\t\t<div class=\"elementor-container elementor-column-gap-default\">\n\t\t\t\t\t<div class=\"elementor-column elementor-col-100 elementor-top-column elementor-element elementor-element-9e379dc\" data-id=\"9e379dc\" data-element_type=\"column\">\n\t\t\t<div class=\"elementor-widget-wrap elementor-element-populated\">\n\t\t\t\t\t\t<div class=\"elementor-element elementor-element-294be9a elementor-widget elementor-widget-text-editor\" data-id=\"294be9a\" data-element_type=\"widget\" data-widget_type=\"text-editor.default\">\n\t\t\t\t<div class=\"elementor-widget-container\">\n\t\t\t\t\t\t\t<h5><strong>Courrier adress\u00e9 au Conseiller d\u2019\u00c9tat Jean-Fran\u00e7ois Steiert<\/strong><\/h5>\t\t\t\t\t\t<\/div>\n\t\t\t\t<\/div>\n\t\t\t\t\t<\/div>\n\t\t<\/div>\n\t\t\t\t\t<\/div>\n\t\t<\/section>\n\t\t\t\t<section class=\"elementor-section elementor-top-section elementor-element elementor-element-3f4d196 elementor-section-full_width elementor-section-height-default elementor-section-height-default\" data-id=\"3f4d196\" data-element_type=\"section\">\n\t\t\t\t\t\t<div class=\"elementor-container elementor-column-gap-default\">\n\t\t\t\t\t<div class=\"elementor-column elementor-col-50 elementor-top-column elementor-element elementor-element-5a9fe7f\" data-id=\"5a9fe7f\" data-element_type=\"column\">\n\t\t\t<div class=\"elementor-widget-wrap elementor-element-populated\">\n\t\t\t\t\t\t<div class=\"elementor-element elementor-element-e62c124 elementor-widget elementor-widget-text-editor\" data-id=\"e62c124\" data-element_type=\"widget\" data-widget_type=\"text-editor.default\">\n\t\t\t\t<div class=\"elementor-widget-container\">\n\t\t\t\t\t\t\t<p>Le <em data-start=\"201\" data-end=\"242\">Groupement citoyen pour un PSEM durable<\/em> a adress\u00e9 une lettre au Pr\u00e9sident du Conseil d\u2019\u00c9tat, M. Jean-Fran\u00e7ois Steiert. Cette d\u00e9marche vise \u00e0 demander :<\/p>\n<ul>\n<li>le respect des principes applicables en mati\u00e8re de consultation publique,<\/li>\n<li data-start=\"437\" data-end=\"578\">la correction des erreurs relev\u00e9es dans le r\u00e9pertoriage et l\u2019analyse des prises de position exprim\u00e9es lors de la consultation de juin 2024,<\/li>\n<li data-start=\"437\" data-end=\"578\">ainsi que la rectification des documents mis en consultation le 13 juin 2024 dans le cadre de la r\u00e9vision du PSEM.<\/li>\n<\/ul>\n<p>L\u2019association<strong data-start=\"701\" data-end=\"725\"> ASSQUAVIE<\/strong> a co-sign\u00e9 ce document afin de soutenir pleinement cette demande.<\/p>\t\t\t\t\t\t<\/div>\n\t\t\t\t<\/div>\n\t\t\t\t<div class=\"elementor-element elementor-element-8a965cf elementor-align-justify elementor-widget__width-initial e-transform elementor-widget elementor-widget-button\" data-id=\"8a965cf\" data-element_type=\"widget\" data-settings=\"{&quot;_transform_translateX_effect&quot;:{&quot;unit&quot;:&quot;px&quot;,&quot;size&quot;:&quot;&quot;,&quot;sizes&quot;:[]},&quot;_transform_translateX_effect_tablet&quot;:{&quot;unit&quot;:&quot;px&quot;,&quot;size&quot;:&quot;&quot;,&quot;sizes&quot;:[]},&quot;_transform_translateX_effect_mobile&quot;:{&quot;unit&quot;:&quot;px&quot;,&quot;size&quot;:&quot;&quot;,&quot;sizes&quot;:[]},&quot;_transform_translateY_effect&quot;:{&quot;unit&quot;:&quot;px&quot;,&quot;size&quot;:&quot;&quot;,&quot;sizes&quot;:[]},&quot;_transform_translateY_effect_tablet&quot;:{&quot;unit&quot;:&quot;px&quot;,&quot;size&quot;:&quot;&quot;,&quot;sizes&quot;:[]},&quot;_transform_translateY_effect_mobile&quot;:{&quot;unit&quot;:&quot;px&quot;,&quot;size&quot;:&quot;&quot;,&quot;sizes&quot;:[]}}\" data-widget_type=\"button.default\">\n\t\t\t\t<div class=\"elementor-widget-container\">\n\t\t\t\t\t<div class=\"elementor-button-wrapper\">\n\t\t\t<a class=\"elementor-button elementor-button-link elementor-size-sm\" href=\"https:\/\/assquavie.ch\/wp-content\/uploads\/2025\/09\/Groupement-PSEM-durable_demande-corrections-CE_170925.pdf\" target=\"_blank\" download=\"\">\n\t\t\t\t\t\t<span class=\"elementor-button-content-wrapper\">\n\t\t\t\t\t\t\t\t\t<span class=\"elementor-button-text\">T\u00e9l\u00e9chargez la lettre<\/span>\n\t\t\t\t\t<\/span>\n\t\t\t\t\t<\/a>\n\t\t<\/div>\n\t\t\t\t<\/div>\n\t\t\t\t<\/div>\n\t\t\t\t<div class=\"elementor-element elementor-element-82cba9f elementor-widget elementor-widget-spacer\" data-id=\"82cba9f\" data-element_type=\"widget\" data-widget_type=\"spacer.default\">\n\t\t\t\t<div class=\"elementor-widget-container\">\n\t\t\t\t\t<div class=\"elementor-spacer\">\n\t\t\t<div class=\"elementor-spacer-inner\"><\/div>\n\t\t<\/div>\n\t\t\t\t<\/div>\n\t\t\t\t<\/div>\n\t\t\t\t\t<\/div>\n\t\t<\/div>\n\t\t\t\t<div class=\"elementor-column elementor-col-50 elementor-top-column elementor-element elementor-element-df21499\" data-id=\"df21499\" data-element_type=\"column\">\n\t\t\t<div class=\"elementor-widget-wrap\">\n\t\t\t\t\t\t\t<\/div>\n\t\t<\/div>\n\t\t\t\t\t<\/div>\n\t\t<\/section>\n\t\t\t\t<\/div>\n\t\t","protected":false},"excerpt":{"rendered":"<p>Motion populaire pour une distance minimale de 200 m entre les gravi\u00e8res et les zones \u00e0 b\u00e2tir Le canton de Fribourg doit concilier exploitation des gravi\u00e8res et protection de l\u2019eau potable ainsi que de la<a class=\"excerpt-readmore\" href=\"https:\/\/assquavie.ch\/\">&hellip;Continue Reading<\/a><\/p>\n","protected":false},"author":1,"featured_media":0,"parent":0,"menu_order":1,"comment_status":"closed","ping_status":"open","template":"elementor_theme","meta":{"footnotes":""},"class_list":["post-2","page","type-page","status-publish","hentry","odd"],"yoast_head":"<!-- This site is optimized with the Yoast SEO plugin v25.5 - https:\/\/yoast.com\/wordpress\/plugins\/seo\/ -->\n<title>Motion populaire 200 m - ASSQUAVIE<\/title>\n<meta name=\"robots\" content=\"index, follow, max-snippet:-1, max-image-preview:large, max-video-preview:-1\" \/>\n<link rel=\"canonical\" href=\"https:\/\/assquavie.ch\/\" \/>\n<meta property=\"og:locale\" content=\"fr_FR\" \/>\n<meta property=\"og:type\" content=\"article\" \/>\n<meta property=\"og:title\" content=\"Motion populaire 200 m - ASSQUAVIE\" \/>\n<meta property=\"og:description\" content=\"Motion populaire pour une distance minimale de 200 m entre les gravi\u00e8res et les zones \u00e0 b\u00e2tir Le canton de Fribourg doit concilier exploitation des gravi\u00e8res et protection de l\u2019eau potable ainsi que de la&hellip;Continue Reading\" \/>\n<meta property=\"og:url\" content=\"https:\/\/assquavie.ch\/\" \/>\n<meta property=\"og:site_name\" content=\"ASSQUAVIE\" \/>\n<meta property=\"article:modified_time\" content=\"2025-10-28T18:50:16+00:00\" \/>\n<meta property=\"og:image\" content=\"https:\/\/assquavie.ch\/wp-content\/uploads\/2019\/09\/AQV_CMYK-e1568467097218.png\" \/>\n\t<meta property=\"og:image:width\" content=\"250\" \/>\n\t<meta property=\"og:image:height\" content=\"233\" \/>\n\t<meta property=\"og:image:type\" content=\"image\/png\" \/>\n<meta name=\"twitter:card\" content=\"summary_large_image\" \/>\n<meta name=\"twitter:label1\" content=\"Dur\u00e9e de lecture estim\u00e9e\" \/>\n\t<meta name=\"twitter:data1\" content=\"2 minutes\" \/>\n<script type=\"application\/ld+json\" class=\"yoast-schema-graph\">{\"@context\":\"https:\/\/schema.org\",\"@graph\":[{\"@type\":\"WebPage\",\"@id\":\"https:\/\/assquavie.ch\/\",\"url\":\"https:\/\/assquavie.ch\/\",\"name\":\"Motion populaire 200 m - ASSQUAVIE\",\"isPartOf\":{\"@id\":\"https:\/\/assquavie.ch\/#website\"},\"datePublished\":\"2019-09-14T12:16:40+00:00\",\"dateModified\":\"2025-10-28T18:50:16+00:00\",\"breadcrumb\":{\"@id\":\"https:\/\/assquavie.ch\/#breadcrumb\"},\"inLanguage\":\"fr-FR\",\"potentialAction\":[{\"@type\":\"ReadAction\",\"target\":[\"https:\/\/assquavie.ch\/\"]}]},{\"@type\":\"BreadcrumbList\",\"@id\":\"https:\/\/assquavie.ch\/#breadcrumb\",\"itemListElement\":[{\"@type\":\"ListItem\",\"position\":1,\"name\":\"Accueil\",\"item\":\"https:\/\/assquavie.ch\/\"},{\"@type\":\"ListItem\",\"position\":2,\"name\":\"Motion populaire 200 m\"}]},{\"@type\":\"WebSite\",\"@id\":\"https:\/\/assquavie.ch\/#website\",\"url\":\"https:\/\/assquavie.ch\/\",\"name\":\"ASSQUAVIE\",\"description\":\"Pr\u00e9server notre qualit\u00e9 de vie\",\"publisher\":{\"@id\":\"https:\/\/assquavie.ch\/#organization\"},\"potentialAction\":[{\"@type\":\"SearchAction\",\"target\":{\"@type\":\"EntryPoint\",\"urlTemplate\":\"https:\/\/assquavie.ch\/?s={search_term_string}\"},\"query-input\":{\"@type\":\"PropertyValueSpecification\",\"valueRequired\":true,\"valueName\":\"search_term_string\"}}],\"inLanguage\":\"fr-FR\"},{\"@type\":\"Organization\",\"@id\":\"https:\/\/assquavie.ch\/#organization\",\"name\":\"ASSQUAVIE\",\"url\":\"https:\/\/assquavie.ch\/\",\"logo\":{\"@type\":\"ImageObject\",\"inLanguage\":\"fr-FR\",\"@id\":\"https:\/\/assquavie.ch\/#\/schema\/logo\/image\/\",\"url\":\"http:\/\/assquavie.ch\/wp-content\/uploads\/2019\/09\/AQV_CMYK-e1568467097218.png\",\"contentUrl\":\"http:\/\/assquavie.ch\/wp-content\/uploads\/2019\/09\/AQV_CMYK-e1568467097218.png\",\"width\":250,\"height\":233,\"caption\":\"ASSQUAVIE\"},\"image\":{\"@id\":\"https:\/\/assquavie.ch\/#\/schema\/logo\/image\/\"}}]}<\/script>\n<!-- \/ Yoast SEO plugin. -->","yoast_head_json":{"title":"Motion populaire 200 m - ASSQUAVIE","robots":{"index":"index","follow":"follow","max-snippet":"max-snippet:-1","max-image-preview":"max-image-preview:large","max-video-preview":"max-video-preview:-1"},"canonical":"https:\/\/assquavie.ch\/","og_locale":"fr_FR","og_type":"article","og_title":"Motion populaire 200 m - ASSQUAVIE","og_description":"Motion populaire pour une distance minimale de 200 m entre les gravi\u00e8res et les zones \u00e0 b\u00e2tir Le canton de Fribourg doit concilier exploitation des gravi\u00e8res et protection de l\u2019eau potable ainsi que de la&hellip;Continue Reading","og_url":"https:\/\/assquavie.ch\/","og_site_name":"ASSQUAVIE","article_modified_time":"2025-10-28T18:50:16+00:00","og_image":[{"width":250,"height":233,"url":"https:\/\/assquavie.ch\/wp-content\/uploads\/2019\/09\/AQV_CMYK-e1568467097218.png","type":"image\/png"}],"twitter_card":"summary_large_image","twitter_misc":{"Dur\u00e9e de lecture estim\u00e9e":"2 minutes"},"schema":{"@context":"https:\/\/schema.org","@graph":[{"@type":"WebPage","@id":"https:\/\/assquavie.ch\/","url":"https:\/\/assquavie.ch\/","name":"Motion populaire 200 m - ASSQUAVIE","isPartOf":{"@id":"https:\/\/assquavie.ch\/#website"},"datePublished":"2019-09-14T12:16:40+00:00","dateModified":"2025-10-28T18:50:16+00:00","breadcrumb":{"@id":"https:\/\/assquavie.ch\/#breadcrumb"},"inLanguage":"fr-FR","potentialAction":[{"@type":"ReadAction","target":["https:\/\/assquavie.ch\/"]}]},{"@type":"BreadcrumbList","@id":"https:\/\/assquavie.ch\/#breadcrumb","itemListElement":[{"@type":"ListItem","position":1,"name":"Accueil","item":"https:\/\/assquavie.ch\/"},{"@type":"ListItem","position":2,"name":"Motion populaire 200 m"}]},{"@type":"WebSite","@id":"https:\/\/assquavie.ch\/#website","url":"https:\/\/assquavie.ch\/","name":"ASSQUAVIE","description":"Pr\u00e9server notre qualit\u00e9 de vie","publisher":{"@id":"https:\/\/assquavie.ch\/#organization"},"potentialAction":[{"@type":"SearchAction","target":{"@type":"EntryPoint","urlTemplate":"https:\/\/assquavie.ch\/?s={search_term_string}"},"query-input":{"@type":"PropertyValueSpecification","valueRequired":true,"valueName":"search_term_string"}}],"inLanguage":"fr-FR"},{"@type":"Organization","@id":"https:\/\/assquavie.ch\/#organization","name":"ASSQUAVIE","url":"https:\/\/assquavie.ch\/","logo":{"@type":"ImageObject","inLanguage":"fr-FR","@id":"https:\/\/assquavie.ch\/#\/schema\/logo\/image\/","url":"http:\/\/assquavie.ch\/wp-content\/uploads\/2019\/09\/AQV_CMYK-e1568467097218.png","contentUrl":"http:\/\/assquavie.ch\/wp-content\/uploads\/2019\/09\/AQV_CMYK-e1568467097218.png","width":250,"height":233,"caption":"ASSQUAVIE"},"image":{"@id":"https:\/\/assquavie.ch\/#\/schema\/logo\/image\/"}}]}},"_links":{"self":[{"href":"https:\/\/assquavie.ch\/index.php?rest_route=\/wp\/v2\/pages\/2","targetHints":{"allow":["GET"]}}],"collection":[{"href":"https:\/\/assquavie.ch\/index.php?rest_route=\/wp\/v2\/pages"}],"about":[{"href":"https:\/\/assquavie.ch\/index.php?rest_route=\/wp\/v2\/types\/page"}],"author":[{"embeddable":true,"href":"https:\/\/assquavie.ch\/index.php?rest_route=\/wp\/v2\/users\/1"}],"replies":[{"embeddable":true,"href":"https:\/\/assquavie.ch\/index.php?rest_route=%2Fwp%2Fv2%2Fcomments&post=2"}],"version-history":[{"count":15,"href":"https:\/\/assquavie.ch\/index.php?rest_route=\/wp\/v2\/pages\/2\/revisions"}],"predecessor-version":[{"id":1206,"href":"https:\/\/assquavie.ch\/index.php?rest_route=\/wp\/v2\/pages\/2\/revisions\/1206"}],"wp:attachment":[{"href":"https:\/\/assquavie.ch\/index.php?rest_route=%2Fwp%2Fv2%2Fmedia&parent=2"}],"curies":[{"name":"wp","href":"https:\/\/api.w.org\/{rel}","templated":true}]}}